{"id":6108,"date":"2023-09-21T22:21:17","date_gmt":"2023-09-21T22:21:17","guid":{"rendered":"https:\/\/bgreenfestival.com\/?page_id=6108"},"modified":"2023-09-21T22:22:15","modified_gmt":"2023-09-21T22:22:15","slug":"candidatura-formulario","status":"publish","type":"page","link":"https:\/\/bgreenfestival.com\/en\/candidatura-formulario\/","title":{"rendered":"Candidatura Formul\u00e1rio"},"content":{"rendered":"<div id=\"steps-loading-message\" style=\"display:none;\">\n\t\t<div id=\"loading-spinner\"><\/div>\n\t\t<p>Enviando o formul\u00e1rio, aguarde...<\/p>\n\t<\/div>\n\t<div id=\"steps-success-message\">\n\t  <p>O formul\u00e1rio foi enviado com sucesso!<\/p>\n\t<\/div>\n    <div id=\"steps-container\">\n        <div id=\"steps-headers\">\n            <div><span>1<\/span><br>SCHOOL ID<\/div>\n            <div><span>2<\/span><br>IDENTIFICATION OF THE RESPONSIBLE TEACHER<\/div>\n            <div><span>3<\/span><br>GROUP MEMBERS<\/div>\n            <div><span>4<\/span><br>FILME<\/div>\n            <div><span>5<\/span><br>BGREEN<\/div>\n            <div><span>6<\/span><br>SPOT UPLOAD<\/div>\n        <\/div>\n        <form id=\"candidatura_video_form\" action=\"\" method=\"post\" enctype=\"multipart\/form-data\" data-trp-original-action=\"\">\n            <!-- Step 1: Campos da Escola -->\n            <div class=\"step\" data-step=\"1\">\n                <h2>Escola<\/h2>\n                <input type=\"hidden\" name=\"nome\" value=\"Novo Cadastro 17\/04\/2026 05:05:54\">\n                <label for=\"nome_escola\">Nome da Escola*<\/label>\n                <input type=\"text\" name=\"nome_escola\" required>\n                <br>\n                <label for=\"email_escola\">E-mail da Escola*<\/label>\n                <input type=\"email\" name=\"email_escola\" required>\n                <br>\n                <label for=\"telefone_escola\">Telefone da Escola*<\/label>\n                <input type=\"tel\" name=\"telefone_escola\" required>\n                <br>\n                <label for=\"morada_escola\">Morada da Escola*<\/label>\n                <input type=\"text\" name=\"morada_escola\" required>\n                <br>\n                <label for=\"pais_escola\">Pa\u00eds da Escola*<\/label>\n                <input type=\"text\" name=\"pais_escola\" required>\n            <\/div>\n\n            <!-- Step 2: Campos do Professor -->\n            <div class=\"step\" data-step=\"2\">\n                <h2>Campos do Professor<\/h2>\n                <label for=\"nome_professor\">Nome do Professor:<\/label>\n                <input type=\"text\" name=\"nome_professor\" required>\n                <br>\n                <label for=\"email_professor\">E-mail do Professor:<\/label>\n                <input type=\"email\" name=\"email_professor\" required>\n                <br>\n                <label for=\"telefone_professor\">Telefone do Professor:<\/label>\n                <input type=\"tel\" name=\"telefone_professor\" required>\n            <\/div>\n\n            <!-- Step 3: Campos dos Elementor do Grupo -->\n            <div class=\"step\" data-step=\"3\">\n                <h2>Campos dos Elementor do Grupo<\/h2>\n                <label for=\"nome_elemento_1\">Nome do primeiro elemento:<\/label>\n                <input type=\"text\" name=\"nome_elemento_1\" required>\n                <br>\n                <label for=\"idade_elemento_1\">Idade do primeiro elemento:<\/label>\n                <input type=\"text\" name=\"idade_elemento_1\" required>\n                <br>\n                <label for=\"nome_elemento_2\">Nome do segundo elemento:<\/label>\n                <input type=\"text\" name=\"nome_elemento_2\">\n                <br>\n                <label for=\"idade_elemento_2\">Idade do segundo elemento:<\/label>\n                <input type=\"text\" name=\"idade_elemento_2\">\n                <br>\n                <label for=\"nome_elemento_3\">Nome do terceiro elemento:<\/label>\n                <input type=\"text\" name=\"nome_elemento_3\">\n                <br>\n                <label for=\"idade_elemento_3\">Idade do terceiro elemento:<\/label>\n                <input type=\"text\" name=\"idade_elemento_3\">\n                <br>\n                <label for=\"nome_elemento_4\">Nome do quarto elemento:<\/label>\n                <input type=\"text\" name=\"nome_elemento_4\">\n                <br>\n                <label for=\"idade_elemento_4\">Idade do quarto elemento:<\/label>\n                <input type=\"text\" name=\"idade_elemento_4\">\n            <\/div>\n\n            <!-- Step 4: Campos do Filme -->\n            <div class=\"step\" data-step=\"4\">\n                <h2>Campos do Filme<\/h2>\n                <label for=\"categoria_filme\">Categoria a candidatar:<\/label>\n                <select name=\"categoria_filme\" required>\n                    <option value=\"Bgreen J\u00fanior\">Bgreen Junior<\/option>\n                    <option value=\"Grande Pr\u00e9mio Bgreen\">Bgreen Grand Prize<\/option>\n                    <option value=\"Alphonse Luiser\">Alphonse Luiser<\/option>\n                <\/select>\n                <br>\n                <label for=\"equipa_filme\">Nome da equipa:<\/label>\n                <input type=\"text\" name=\"equipa_filme\" required>\n                <br>\n                <label for=\"tematica_filme\">Tem\u00e1tica abordada no Spot:<\/label>\n                <textarea name=\"tematica_filme\" rows=\"4\" cols=\"50\" required><\/textarea>\n                <br>\n                <label for=\"ano_filme\">Ano de realiza\u00e7\u00e3o:<\/label>\n\t\t\t\t<input type=\"number\" id=\"quantity\" name=\"ano_filme\" min=\"2000\" max=\"3000\" required>\n                <br>\n                <label for=\"sinopse_filme\">Sinopse:<\/label>\n                <textarea name=\"sinopse_filme\" rows=\"4\" cols=\"50\" required><\/textarea>\n                <br>\n                <label for=\"descricao_filme\">Breve descri\u00e7\u00e3o do processo de trabalho:<\/label>\n                <textarea name=\"descricao_filme\" rows=\"4\" cols=\"50\" required><\/textarea>\n            <\/div>\n\n            <!-- Step 5: Campo Bgreen -->\n            <div class=\"step\" data-step=\"5\">\n                <h2>Campo Bgreen<\/h2>\n                <label for=\"bgreen\">Como descobriste o bgreen?:<\/label>\n                <textarea name=\"bgreen\" rows=\"4\" cols=\"50\" required><\/textarea>\n            <\/div>\n\n            <!-- Step 6: Campo de upload de v\u00eddeo -->\n            <div class=\"step\" data-step=\"6\">\n                <h2>Campo de upload de v\u00eddeo<\/h2>\n                <label for=\"video_file\">V\u00eddeo (m\u00e1ximo 2GB):<\/label>\n                <input type=\"file\" name=\"video_file\" id=\"video_file\" accept=\".mp4,.mpeg,.mpg,.wmv,.mov\" required>\n                <br>\n                <label for=\"video_makingof\">Making Of (m\u00e1ximo 2GB):<\/label>\n                <input type=\"file\" name=\"video_makingof\" id=\"video_makingof\" accept=\".mp4,.mpeg,.mpg,.wmv,.mov\" required>\n                <br>\n                <input type=\"submit\" value=\"Enviar\">\n            <\/div>\n\n            <!-- Bot\u00f5es de navega\u00e7\u00e3o entre os steps -->\n            <div id=\"step-navigation\">\n                <button type=\"button\" id=\"prev-step\">< Anterior<\/button>\n                <button type=\"button\" id=\"next-step\">Pr\u00f3ximo ><\/button>\n            <\/div>\n\n            <div class=\"regulamento-bgreen\">\n                <a href=\"https:\/\/bgreenfestival.com\/wp-content\/uploads\/2023\/02\/REGULAMENTO_12edic%CC%A7a%CC%83oPT.pdf\" target=\"_blank\">Aceder ao regulamento<\/a>\n            <\/div>\n        <input type=\"hidden\" name=\"trp-form-language\" value=\"en\"\/><\/form>\n    <\/div>\n    <style>\n\t\t#steps-success-message{\n\t\t\tdisplay:none;\n\t\t\tpadding: 50px 0;\n\t\t\tline-height: 34px;\n\t\t\tmin-height: 270px;\n\t\t}\n        \/* Estilos para os bot\u00f5es de navega\u00e7\u00e3o *\/\n        #step-navigation {\n            margin-top: 20px;\n        }\n\t\t#step-navigation button{\n\t\t\tbackground-color: #98c355;\n\t\t\tcolor: #fff;\n\t\t\tborder-radius: 20px;\n\t\t\tpadding: 10px 20px;\n\t\t\tmargin-right: 5px;\n\t\t\tcursor: pointer;\n\t\t}\n        #steps-container label{\n            width: 100%;\n            display: block;\n        }\n        #steps-headers {\n            display: grid;\n            grid-template-columns: repeat(6, 1fr);\n            grid-gap: 20px; \/* Espa\u00e7o entre as colunas *\/\n            text-align: center; \/* Centralizar o conte\u00fado horizontalmente *\/\n            margin-bottom: 20px;\n\t\t\toverflow-x: hidden;\n    \t\tpadding: 20px 0;\n        }\n        @media only screen and (max-width: 768px) {\n          \/* For mobile phones: *\/\n            #steps-headers {\n    \t\t\toverflow-x: scroll;\n            }\n        }\n        #steps-headers div{\n            font-size: 12px;\n            font-weight: bold;\n        }\n        #steps-headers div:first-child span{\n            background-color: #98c355;\n        }\n        #steps-headers span {\n            border-radius: 50px;\n\t\t\tbackground-color: silver;\n\t\t\tpadding: 3px;\n\t\t\tcolor: #fff;\n\t\t\twidth: 25px;\n\t\t\tdisplay: inline-block;\n\t\t\theight: 25px;\n\t\t\ttext-align: center;\n\t\t\tmargin-bottom: 10px;\n        }\n        \/* Estilo das cores dos spans no cabe\u00e7alho *\/\n        #steps-headers span.green {\n            background-color: #98c355;\n        }\n        #steps-headers span.silver {\n            background-color: silver;\n        }\n        \/* Estilo para campos inv\u00e1lidos *\/\n        .invalid-field {\n            border: 1px solid red !important;\n        }\n\t\t#candidatura_video_form input, #candidatura_video_form textarea, #candidatura_video_form select {\n\t\t\twidth: 100% !important;\n\t\t\tmin-height: 35px;\n\t\t\tborder-radius: 5px;\n\t\t}\n\t\t#candidatura_video_form input[type=\"submit\"]{\n\t\t\tbackground-color: #98c355;\n\t\t\tcolor: #fff;\n\t\t\tborder-radius: 20px;\n\t\t\tpadding: 10px 20px;\n\t\t\tmargin-right: 5px;\n\t\t\tmargin-top: 20px;\n    \t\tcursor: pointer;\n\t\t}\n\t\t#candidatura_video_form input[type=\"submit\"]:hover{\n\t\t\tbackground-color: green;\n\t\t}\n\t\t#candidatura_video_form input[type=\"file\"]{\n\t\t\tborder-radius: 20px;\n\t\t\tpadding: 10px 20px;\n\t\t\tmargin: 10px 0;\n\t\t\tcursor: pointer;\n\t\t\tborder: solid #98c355;\n\t\t}\n\t\t#candidatura_video_form .step {\n\t\t\tbackground: #eee;\n\t\t\tpadding: 20px 20px 50px 20px;\n\t\t\tborder-radius: 20px;\n\t\t\tborder-left: solid #98c355 35px;\n\t\t}\n\t\t#steps-success-message p {\n\t\t\tbackground: green;\n\t\t\tcolor: #fff;\n\t\t\tfont-size: 2rem;\n\t\t\ttext-align: center;\n\t\t\twidth: 100%;\n\t\t\tpadding: 20px;\n\t\t\tborder-radius: 20px;\n\t\t\tfont-weight: 700;\n\t\t}\n\t\t#steps-loading-message {\n\t\t\tposition: fixed;\n\t\t\tz-index: 99999;\n\t\t\tbackground: rgba(0,0,0,0.5);\n\t\t\tcolor: #fff;\n\t\t\twidth: 100%;\n\t\t\theight: 100vh;\n\t\t\ttop: 0;\n\t\t\tleft: 0;\n\t\t\tdisplay: flex;\n\t\t\tjustify-content: center;\n\t\t\talign-items: center;\n\t\t\tfont-weight: 700;\n\t\t\tfont-size: 2rem;\n\t\t}\n\t\t\/* Estilos para o loading animado *\/\n\t\t@keyframes spin {\n\t\t\t0% { transform: rotate(0deg); }\n\t\t\t100% { transform: rotate(360deg); }\n\t\t}\n\t\t#loading-spinner {\n\t\t\tborder: 4px solid rgba(0, 0, 0, 0.3);\n\t\t\tborder-top: 4px solid #98c355;\n\t\t\tborder-radius: 50%;\n\t\t\twidth: 40px;\n\t\t\theight: 40px;\n\t\t\tanimation: spin 2s linear infinite;\n\t\t\tmargin: 10px 20px 20px 20px;\n\t\t}\n        \/*Regulamento*\/\n        .regulamento-bgreen {\n            display: flex;\n            justify-content: center;\n        }\n        .regulamento-bgreen a {\n            color: #98c355;\n            padding: 15px;\n            text-decoration: none;\n        }\n    <\/style>\n    <script>\n        jQuery(document).ready(function() {\n            var currentStep = 1;\n            var totalSteps = jQuery(\".step\").length;\n\n            \/\/ Esconde o bot\u00e3o \"Anterior\" no primeiro passo\n            jQuery(\"#prev-step\").hide();\n\n            \/\/ Esconde todos os passos, exceto o primeiro\n            jQuery(\".step:not(:first)\").hide();\n\n            \/\/ Bot\u00e3o \"Pr\u00f3ximo\" - avan\u00e7a para a pr\u00f3xima etapa\n            jQuery(\"#next-step\").click(function() {\n                if (currentStep < totalSteps) {\n                    \/\/ Valida\u00e7\u00e3o dos campos (opcional)\n                    if (validateStep(currentStep)) {\n                        jQuery(\".step\").hide();\n                        jQuery(\".step[data-step='\" + (++currentStep) + \"']\").show();\n                        updateStepHeaders(); \/\/ Atualiza a cor do span no cabe\u00e7alho\n                        if (currentStep > 1) {\n                            jQuery(\"#prev-step\").show(); \/\/ Mostra o bot\u00e3o \"Anterior\" a partir do segundo passo\n                        }\n                        if (currentStep === totalSteps) {\n                            jQuery(\"#next-step\").hide(); \/\/ Esconde o bot\u00e3o \"Pr\u00f3ximo\" no \u00faltimo passo\n                        }\n                    }else {\n                        \/\/ Exibe o alerta se houver campos n\u00e3o preenchidos\n                        alert(\"Por favor, preencha todos os campos obrigat\u00f3rios antes de prosseguir.\");\n                    }\n                }\n            });\n\n            \/\/ Bot\u00e3o \"Anterior\" - retorna para a etapa anterior\n            jQuery(\"#prev-step\").click(function() {\n                if (currentStep > 1) {\n                    jQuery(\".step\").hide();\n                    jQuery(\".step[data-step='\" + (--currentStep) + \"']\").show();\n                    updateStepHeaders(); \/\/ Atualiza a cor do span no cabe\u00e7alho\n                    if (currentStep === 1) {\n                        jQuery(\"#prev-step\").hide(); \/\/ Esconde o bot\u00e3o \"Anterior\" no primeiro passo\n                    }\n                    if (currentStep < totalSteps) {\n                        jQuery(\"#next-step\").show(); \/\/ Mostra o bot\u00e3o \"Pr\u00f3ximo\" ao voltar para passos anteriores\n                    }\n                }\n            });\n\n            \/\/ Fun\u00e7\u00e3o para atualizar as cores do cabe\u00e7alho\n            function updateStepHeaders() {\n                jQuery(\"#steps-headers div\").each(function() {\n                    var stepNumber = jQuery(this).index() + 1;\n                    if (stepNumber === currentStep) {\n                        jQuery(this).find(\"span\").removeClass(\"silver\").addClass(\"green\");\n                    } else {\n                        jQuery(this).find(\"span\").removeClass(\"green\").addClass(\"silver\");\n                    }\n                });\n            }\n\n            \/\/ Fun\u00e7\u00e3o de valida\u00e7\u00e3o dos campos (opcional)\n            function validateStep(step) {\n                var isValid = true;\n                jQuery(\".step[data-step='\" + step + \"'] input[required], .step[data-step='\" + step + \"'] textarea[required], .step[data-step='\" + step + \"'] select[required]\").each(function() {\n                    if (jQuery(this).val().trim() === \"\") {\n                        isValid = false;\n                        jQuery(this).addClass(\"invalid-field\");\n                    } else {\n                        jQuery(this).removeClass(\"invalid-field\");\n                    }\n                });\n                return isValid;\n            }\n\t\t\t\/\/ Quando o usu\u00e1rio selecionar um arquivo de v\u00eddeo\n\t\t\tjQuery(\"#video_file\").on(\"change\", function() {\n\t\t\t\tvar fileInput = jQuery(this)[0];\n\t\t\t\tif (fileInput.files.length > 0) {\n\t\t\t\t\tvar fileSize = fileInput.files[0].size; \/\/ Tamanho do arquivo em bytes\n                    var maxSize = 2 * 1024 * 1024 * 1024; \/\/ Tamanho m\u00e1ximo permitido em bytes (2 GB)\n\n\t\t\t\t\tif (fileSize > maxSize) {\n\t\t\t\t\t\t\/\/ Exibe uma mensagem de erro e limpa o valor do campo de arquivo selecionado\n\t\t\t\t\t\talert(\"O arquivo de v\u00eddeo \u00e9 muito grande. O tamanho m\u00e1ximo permitido \u00e9 de 2 GB.\");\n\t\t\t\t\t\tjQuery(this).val(\"\"); \/\/ Limpa o campo de arquivo selecionado\n\t\t\t\t\t}\n\t\t\t\t}\n\t\t\t});\n\t\t\t\n\t\t\t\/\/ Ao enviar o formul\u00e1rio\n\t\t\tjQuery(\"#candidatura_video_form\").submit(function(event) {\n\t\t\t\tevent.preventDefault();\n\t\t\t\tjQuery(\"#steps-loading-message\").show(); \/\/ Mostra a mensagem de \"loading\"\n\n\t\t\t\t\/\/ Aqui voc\u00ea pode adicionar c\u00f3digo para enviar o formul\u00e1rio usando AJAX.\n\t\t\t\t\/\/ Por exemplo, usando AJAX (com jQuery):\n\t\t\t\tjQuery.ajax({\n\t\t\t\t\turl: jQuery(this).attr(\"action\"),\n\t\t\t\t\ttype: jQuery(this).attr(\"method\"),\n\t\t\t\t\tdata: new FormData(this),\n\t\t\t\t\tprocessData: false,\n\t\t\t\t\tcontentType: false,\n\t\t\t\t\tsuccess: function(response) {\n\t\t\t\t\t\t\/\/ Formul\u00e1rio enviado com sucesso, oculta o formul\u00e1rio e exibe a mensagem de sucesso.\n\t\t\t\t\t\tjQuery(\"#steps-container\").hide();\n\t\t\t\t\t\tjQuery(\"#steps-success-message\").show();\n\t\t\t\t\t},\n\t\t\t\t\terror: function(error) {\n\t\t\t\t\t\t\/\/ Tratar erro de envio, se necess\u00e1rio.\n\t\t\t\t\t\tconsole.error(\"Erro no envio do formul\u00e1rio:\", error);\n\t\t\t\t\t},\n\t\t\t\t\tcomplete: function() {\n\t\t\t\t\t\tjQuery(\"#steps-loading-message\").hide(); \/\/ Oculta a mensagem de \"loading\" ap\u00f3s o envio ser conclu\u00eddo.\n\t\t\t\t\t}\n\t\t\t\t});\n\t\t\t});\n\n\t});\n\n    <\/script>","protected":false},"excerpt":{"rendered":"","protected":false},"author":1,"featured_media":0,"parent":0,"menu_order":0,"comment_status":"closed","ping_status":"closed","template":"","meta":{"_et_pb_use_builder":"","_et_pb_old_content":"","_et_gb_content_width":"","inline_featured_image":false,"footnotes":""},"acf":[],"yoast_head":"<!-- This site is optimized with the Yoast SEO plugin v20.6 - https:\/\/yoast.com\/wordpress\/plugins\/seo\/ -->\n<title>Candidatura Formul\u00e1rio - BGREEN - ECOLOGICAL FILM FESTIVAL<\/title>\n<meta name=\"robots\" content=\"index, follow, max-snippet:-1, max-image-preview:large, max-video-preview:-1\" \/>\n<link rel=\"canonical\" href=\"https:\/\/bgreenfestival.com\/en\/candidatura-formulario\/\" \/>\n<meta property=\"og:locale\" content=\"en_GB\" \/>\n<meta property=\"og:type\" content=\"article\" \/>\n<meta property=\"og:title\" content=\"Candidatura Formul\u00e1rio - BGREEN - ECOLOGICAL FILM FESTIVAL\" \/>\n<meta property=\"og:url\" content=\"https:\/\/bgreenfestival.com\/en\/candidatura-formulario\/\" \/>\n<meta property=\"og:site_name\" content=\"BGREEN - ECOLOGICAL FILM FESTIVAL\" \/>\n<meta property=\"article:modified_time\" content=\"2023-09-21T22:22:15+00:00\" \/>\n<meta name=\"twitter:card\" content=\"summary_large_image\" \/>\n<script type=\"application\/ld+json\" class=\"yoast-schema-graph\">{\"@context\":\"https:\/\/schema.org\",\"@graph\":[{\"@type\":\"WebPage\",\"@id\":\"https:\/\/bgreenfestival.com\/en\/candidatura-formulario\/\",\"url\":\"https:\/\/bgreenfestival.com\/en\/candidatura-formulario\/\",\"name\":\"Candidatura Formul\u00e1rio - BGREEN - ECOLOGICAL FILM FESTIVAL\",\"isPartOf\":{\"@id\":\"https:\/\/bgreenfestival.com\/#website\"},\"datePublished\":\"2023-09-21T22:21:17+00:00\",\"dateModified\":\"2023-09-21T22:22:15+00:00\",\"breadcrumb\":{\"@id\":\"https:\/\/bgreenfestival.com\/en\/candidatura-formulario\/#breadcrumb\"},\"inLanguage\":\"en-GB\",\"potentialAction\":[{\"@type\":\"ReadAction\",\"target\":[\"https:\/\/bgreenfestival.com\/en\/candidatura-formulario\/\"]}]},{\"@type\":\"BreadcrumbList\",\"@id\":\"https:\/\/bgreenfestival.com\/en\/candidatura-formulario\/#breadcrumb\",\"itemListElement\":[{\"@type\":\"ListItem\",\"position\":1,\"name\":\"In\u00edcio\",\"item\":\"https:\/\/bgreenfestival.com\/\"},{\"@type\":\"ListItem\",\"position\":2,\"name\":\"Candidatura Formul\u00e1rio\"}]},{\"@type\":\"WebSite\",\"@id\":\"https:\/\/bgreenfestival.com\/#website\",\"url\":\"https:\/\/bgreenfestival.com\/\",\"name\":\"BGREEN - ECOLOGICAL FILM FESTIVAL\",\"description\":\"bgreen \/\/ ecological film festival\",\"potentialAction\":[{\"@type\":\"SearchAction\",\"target\":{\"@type\":\"EntryPoint\",\"urlTemplate\":\"https:\/\/bgreenfestival.com\/?s={search_term_string}\"},\"query-input\":\"required name=search_term_string\"}],\"inLanguage\":\"en-GB\"}]}<\/script>\n<!-- \/ Yoast SEO plugin. -->","yoast_head_json":{"title":"Candidatura Formul\u00e1rio - BGREEN - ECOLOGICAL FILM FESTIVAL","robots":{"index":"index","follow":"follow","max-snippet":"max-snippet:-1","max-image-preview":"max-image-preview:large","max-video-preview":"max-video-preview:-1"},"canonical":"https:\/\/bgreenfestival.com\/en\/candidatura-formulario\/","og_locale":"en_GB","og_type":"article","og_title":"Candidatura Formul\u00e1rio - BGREEN - ECOLOGICAL FILM FESTIVAL","og_url":"https:\/\/bgreenfestival.com\/en\/candidatura-formulario\/","og_site_name":"BGREEN - ECOLOGICAL FILM FESTIVAL","article_modified_time":"2023-09-21T22:22:15+00:00","twitter_card":"summary_large_image","schema":{"@context":"https:\/\/schema.org","@graph":[{"@type":"WebPage","@id":"https:\/\/bgreenfestival.com\/en\/candidatura-formulario\/","url":"https:\/\/bgreenfestival.com\/en\/candidatura-formulario\/","name":"Candidatura Formul\u00e1rio - BGREEN - ECOLOGICAL FILM FESTIVAL","isPartOf":{"@id":"https:\/\/bgreenfestival.com\/#website"},"datePublished":"2023-09-21T22:21:17+00:00","dateModified":"2023-09-21T22:22:15+00:00","breadcrumb":{"@id":"https:\/\/bgreenfestival.com\/en\/candidatura-formulario\/#breadcrumb"},"inLanguage":"en-GB","potentialAction":[{"@type":"ReadAction","target":["https:\/\/bgreenfestival.com\/en\/candidatura-formulario\/"]}]},{"@type":"BreadcrumbList","@id":"https:\/\/bgreenfestival.com\/en\/candidatura-formulario\/#breadcrumb","itemListElement":[{"@type":"ListItem","position":1,"name":"In\u00edcio","item":"https:\/\/bgreenfestival.com\/"},{"@type":"ListItem","position":2,"name":"Candidatura Formul\u00e1rio"}]},{"@type":"WebSite","@id":"https:\/\/bgreenfestival.com\/#website","url":"https:\/\/bgreenfestival.com\/","name":"BGREEN - ECOLOGICAL FILM FESTIVAL","description":"bgreen \/\/ ecological film festival","potentialAction":[{"@type":"SearchAction","target":{"@type":"EntryPoint","urlTemplate":"https:\/\/bgreenfestival.com\/?s={search_term_string}"},"query-input":"required name=search_term_string"}],"inLanguage":"en-GB"}]}},"_links":{"self":[{"href":"https:\/\/bgreenfestival.com\/en\/wp-json\/wp\/v2\/pages\/6108"}],"collection":[{"href":"https:\/\/bgreenfestival.com\/en\/wp-json\/wp\/v2\/pages"}],"about":[{"href":"https:\/\/bgreenfestival.com\/en\/wp-json\/wp\/v2\/types\/page"}],"author":[{"embeddable":true,"href":"https:\/\/bgreenfestival.com\/en\/wp-json\/wp\/v2\/users\/1"}],"replies":[{"embeddable":true,"href":"https:\/\/bgreenfestival.com\/en\/wp-json\/wp\/v2\/comments?post=6108"}],"version-history":[{"count":2,"href":"https:\/\/bgreenfestival.com\/en\/wp-json\/wp\/v2\/pages\/6108\/revisions"}],"predecessor-version":[{"id":6110,"href":"https:\/\/bgreenfestival.com\/en\/wp-json\/wp\/v2\/pages\/6108\/revisions\/6110"}],"wp:attachment":[{"href":"https:\/\/bgreenfestival.com\/en\/wp-json\/wp\/v2\/media?parent=6108"}],"curies":[{"name":"wp","href":"https:\/\/api.w.org\/{rel}","templated":true}]}}